{"id":2317,"date":"2025-01-27T11:33:57","date_gmt":"2025-01-27T11:33:57","guid":{"rendered":"https:\/\/brineris.pwr.edu.pl\/?page_id=2317"},"modified":"2025-05-13T12:41:30","modified_gmt":"2025-05-13T12:41:30","slug":"publications","status":"publish","type":"page","link":"https:\/\/brineris.pwr.edu.pl\/?page_id=2317","title":{"rendered":"Publications"},"content":{"rendered":"\n<div class=\"wp-block-columns is-layout-flex wp-container-core-columns-is-layout-9d6595d7 wp-block-columns-is-layout-flex\">\n<div class=\"wp-block-column is-layout-flow wp-block-column-is-layout-flow\">\n<h1 class=\"wp-block-heading has-text-align-center has-vivid-green-cyan-color has-text-color has-link-color has-x-large-font-size wp-elements-2b95a9610eea708e23c4c2f0339dd3ca\">2022<\/h1>\n<\/div>\n\n\n\n<div class=\"wp-block-column is-layout-flow wp-block-column-is-layout-flow\">\n<h1 class=\"wp-block-heading has-text-align-center has-vivid-green-cyan-color has-text-color has-link-color has-x-large-font-size wp-elements-ec3d0b54bad6742b3a8c79920623bc1c\">2023<\/h1>\n<\/div>\n\n\n\n<div class=\"wp-block-column is-layout-flow wp-block-column-is-layout-flow\">\n<h1 class=\"wp-block-heading has-text-align-center has-vivid-green-cyan-color has-text-color has-link-color has-x-large-font-size wp-elements-2373c8f3c4b300537cc4847f5811c4c9\">2024<\/h1>\n<\/div>\n\n\n\n<div class=\"wp-block-column is-layout-flow wp-block-column-is-layout-flow\">\n<h1 class=\"wp-block-heading has-text-align-center has-vivid-green-cyan-color has-text-color has-link-color has-x-large-font-size wp-elements-0cde7a9a2431163662d2f59569f1426a\">2025<\/h1>\n<\/div>\n<\/div>\n\n\n\n<div class=\"wp-block-columns is-layout-flex wp-container-core-columns-is-layout-9d6595d7 wp-block-columns-is-layout-flex\">\n<div class=\"wp-block-column is-layout-flow wp-block-column-is-layout-flow\">\n<div class=\"wp-block-columns is-layout-flex wp-container-core-columns-is-layout-9d6595d7 wp-block-columns-is-layout-flex\">\n<div class=\"wp-block-column is-layout-flow wp-block-column-is-layout-flow\">\n<p class=\"has-text-align-center has-vivid-cyan-blue-color has-text-color has-link-color wp-elements-7654083e2404a1fe3efbe28bc0316d1c\"><a href=\"http:\/\/researchgate.net\/publication\/361858306_Wstepna_ocena_mozliwosci_pozyskiwania_pierwiastkow_wartosciowych_z_wod_kopalnianych_oraz_wod_termalnych_i_leczniczych_w_Polsce_Preliminary_feasibility_assessment_of_recovery_of_valuable_elements_from_\" target=\"_blank\" rel=\"noopener\" title=\"Publications\">Razowska-Jaworek et al., 2022, Wst\u0119pna ocena mo\u017cliwo\u015bci pozyskiwania pierwPublicationsiastk\u00f3w warto\u015bciowych z w\u00f3d kopalnianych oraz w\u00f3d termalnych i leczniczych w Polsce [Preliminary assessment of possibility of recovering valuable minerals from mine, thermal and therapeutic waters in Poland]. Prz. Geol., 70: 435\u2013448<\/a><\/p>\n<\/div>\n\n\n\n<div class=\"wp-block-column is-layout-flow wp-block-column-is-layout-flow\">\n<p class=\"has-text-align-center has-vivid-cyan-blue-color has-text-color has-link-color wp-elements-8243caf4e4940a63f592b7f84c217a04\"><a href=\"https:\/\/doi.org\/10.35925\/j.multi.2023.4.6\" target=\"_blank\" rel=\"noopener\" title=\"Csilla et a., 2023, An unusual case of low concentration mineral brines in the geothermal waters from Beiu\u0219 Basin (Northwestern Romania), Multidiszciplin\u00e1ris tudom\u00e1nyok, 13. k\u00f6tet. 4. sz. (2023), pp. 54\u201370\">Csilla et a., 2023, An unusual case of low concentration mineral brines in the geothermal waters from Beiu\u0219 Basin (Northwestern Romania), Multidiszciplin\u00e1ris tudom\u00e1nyok, 13. k\u00f6tet. 4. sz. (2023), pp. 54\u201370<\/a><\/p>\n<\/div>\n\n\n\n<div class=\"wp-block-column is-layout-flow wp-block-column-is-layout-flow\">\n<p class=\"has-text-align-center has-vivid-cyan-blue-color has-text-color has-link-color wp-elements-e290420cf74527935b73155725e6b7fa\"><a href=\"https:\/\/doi.org\/10.1002\/gdj3.269\" target=\"_blank\" rel=\"noopener\" title=\"G\u00f3rniak-Zimroz, J., Worsa-Kozak, M., Szostak, K., Analysis and evaluation of the usefulness of open data for research projects\u2014The case of the BrineRIS project, Geoscience Data Journal, 2024, 11(4), pp. 948\u2013973\">G\u00f3rniak-Zimroz, J., Worsa-Kozak, M., Szostak, K., Analysis and evaluation of the usefulness of open data for research projects\u2014The case of the BrineRIS project, Geoscience Data Journal, 2024, 11(4), pp. 948\u2013973<\/a><\/p>\n<\/div>\n\n\n\n<div class=\"wp-block-column is-layout-flow wp-block-column-is-layout-flow\">\n<p class=\"has-text-align-center has-vivid-cyan-blue-color has-text-color has-link-color wp-elements-015947bc69fafe87c62e3bbc3cfbf6cd\"><a href=\"https:\/\/zenodo.org\/records\/14844203\" target=\"_blank\" rel=\"noopener\" title=\"Wunderlich, T., Oppelt, L., Ebel, T., Raithel, F., Grab, T., Fieback, T., Energetic use of highly mineralised deep waters as an aspect of material co-production of minerals, Der Geothermiekongress 2024 (DGK 2024), Potsdam, 2025\">Wunderlich, T., Oppelt, L., Ebel, T., Raithel, F., Grab, T., Fieback, T., Energetic use of highly mineralised deep waters as an aspect of material co-production of minerals, Der Geothermiekongress 2024 (DGK 2024), Potsdam, 2025<\/a><\/p>\n<\/div>\n<\/div>\n<\/div>\n<\/div>\n\n\n\n<div class=\"wp-block-columns is-layout-flex wp-container-core-columns-is-layout-9d6595d7 wp-block-columns-is-layout-flex\">\n<div class=\"wp-block-column is-layout-flow wp-block-column-is-layout-flow\">\n<hr class=\"wp-block-separator has-text-color has-black-color has-alpha-channel-opacity has-black-background-color has-background is-style-wide\"\/>\n<\/div>\n\n\n\n<div class=\"wp-block-column is-layout-flow wp-block-column-is-layout-flow\">\n<hr class=\"wp-block-separator has-text-color has-black-color has-alpha-channel-opacity has-black-background-color has-background is-style-wide\"\/>\n<\/div>\n\n\n\n<div class=\"wp-block-column is-layout-flow wp-block-column-is-layout-flow\">\n<hr class=\"wp-block-separator has-text-color has-black-color has-alpha-channel-opacity has-black-background-color has-background is-style-wide\"\/>\n<\/div>\n<\/div>\n\n\n\n<div class=\"wp-block-columns is-layout-flex wp-container-core-columns-is-layout-9d6595d7 wp-block-columns-is-layout-flex\">\n<div class=\"wp-block-column is-layout-flow wp-block-column-is-layout-flow\">\n<p class=\"has-text-align-center has-vivid-cyan-blue-color has-text-color has-link-color wp-elements-d2f1adea7367b819bc6bee675781f788\"><a href=\"https:\/\/www.nist.gov.pl\/downloadfile\/5989\" target=\"_blank\" rel=\"noopener\" title=\"Magdalena Worsa-Kozak, 2022, Wody podziemne w gospodarce wodnej i planowaniu przestrzennym jednostek samorz\u0105du terytorialnego [Groundwater in water management and spatial planning of local government units]. \u0141\u00f3d\u017a : Wydawnictwo Narodowego Instytutu Samorz\u0105du Terytorialnego, 2022. s. 35-68\">Magdalena Worsa-Kozak, 2022, Wody podziemne w gospodarce wodnej i planowaniu przestrzennym jednostek samorz\u0105du terytorialnego [Groundwater in water management and spatial planning of local government units]. \u0141\u00f3d\u017a : Wydawnictwo Narodowego Instytutu Samorz\u0105du Terytorialnego, 2022. s. 35-68<\/a><\/p>\n<\/div>\n\n\n\n<div class=\"wp-block-column is-layout-flow wp-block-column-is-layout-flow\"><\/div>\n\n\n\n<div class=\"wp-block-column is-layout-flow wp-block-column-is-layout-flow\">\n<p class=\"has-text-align-center has-vivid-cyan-blue-color has-text-color has-link-color wp-elements-a87b49ef86b7fef27d86c4350c8410a0\"><a href=\"https:\/\/doi.org\/10.3390\/pr12071453\" target=\"_blank\" rel=\"noopener\" title=\"Ochromowicz, K., Zab\u0142ocka-Malicka, M., Chojnacka, I., Worsa-Kozak, M., Assessing the Viability of Integrating Evaporation and Solvent Extraction Systems for Lithium Recovery from Low-Grade Brines, Processes, 2024, 12(7), 1453\">Ochromowicz, K., Zab\u0142ocka-Malicka, M., Chojnacka, I., Worsa-Kozak, M., Assessing the Viability of Integrating Evaporation and Solvent Extraction Systems for Lithium Recovery from Low-Grade Brines, Processes, 2024, 12(7), 1453<\/a><\/p>\n<\/div>\n\n\n\n<div class=\"wp-block-column is-layout-flow wp-block-column-is-layout-flow\">\n<p class=\"has-text-align-center has-vivid-cyan-blue-color has-text-color has-link-color wp-elements-16da4adfca6c31c380064e8568681c25\"><\/p>\n<\/div>\n<\/div>\n\n\n\n<div class=\"wp-block-columns is-layout-flex wp-container-core-columns-is-layout-9d6595d7 wp-block-columns-is-layout-flex\">\n<div class=\"wp-block-column is-layout-flow wp-block-column-is-layout-flow\">\n<hr class=\"wp-block-separator has-text-color has-black-color has-alpha-channel-opacity has-black-background-color has-background is-style-wide\"\/>\n<\/div>\n\n\n\n<div class=\"wp-block-column is-layout-flow wp-block-column-is-layout-flow\">\n<hr class=\"wp-block-separator has-text-color has-white-color has-alpha-channel-opacity has-white-background-color has-background is-style-wide\"\/>\n<\/div>\n\n\n\n<div class=\"wp-block-column is-layout-flow wp-block-column-is-layout-flow\">\n<hr class=\"wp-block-separator has-text-color has-black-color has-alpha-channel-opacity has-black-background-color has-background is-style-wide\"\/>\n<\/div>\n<\/div>\n\n\n\n<div class=\"wp-block-columns is-layout-flex wp-container-core-columns-is-layout-9d6595d7 wp-block-columns-is-layout-flex\">\n<div class=\"wp-block-column is-layout-flow wp-block-column-is-layout-flow\"><\/div>\n\n\n\n<div class=\"wp-block-column is-layout-flow wp-block-column-is-layout-flow\"><\/div>\n\n\n\n<div class=\"wp-block-column is-layout-flow wp-block-column-is-layout-flow\">\n<p class=\"has-text-align-center has-vivid-cyan-blue-color has-text-color has-link-color wp-elements-7d0198c68c2b938884fb8f825d8706a6\"><a href=\"http:\/\/www.miningscience.pwr.edu.pl\/Legal-aspects-of-lithium-recovery-from-geothermal-brine-Pyrzyce-Geothermal-Plant,200355,0,2.html#references\" target=\"_blank\" rel=\"noopener\" title=\"Kowalewska, I. E., Worsa-Kozak, M., Legal aspects of lithium recovery from geothermal brine - Pyrzyce Geothermal Plant case study. Mining Science, 2024, 31, 163-181\">Kowalewska, I. E., Worsa-Kozak, M., Legal aspects of lithium recovery from geothermal brine &#8211; Pyrzyce Geothermal Plant case study. Mining Science, 2024, 31, 163-181<\/a><\/p>\n<\/div>\n\n\n\n<div class=\"wp-block-column is-layout-flow wp-block-column-is-layout-flow\">\n<p class=\"has-text-align-center has-vivid-cyan-blue-color has-text-color has-link-color wp-elements-16da4adfca6c31c380064e8568681c25\"><\/p>\n<\/div>\n<\/div>\n\n\n\n<p><\/p>\n","protected":false},"excerpt":{"rendered":"<p>2022 2023 2024 2025 Razowska-Jaworek et al., 2022, Wst\u0119pna ocena mo\u017cliwo\u015bci pozyskiwania pierwPublicationsiastk\u00f3w warto\u015bciowych z w\u00f3d kopalnianych oraz w\u00f3d termalnych i leczniczych w Polsce [Preliminary assessment of possibility of recovering valuable minerals from mine, thermal and therapeutic waters in Poland]. Prz. Geol., 70: 435\u2013448 Csilla et a., 2023, An unusual case of low concentration mineral [&hellip;]<\/p>\n","protected":false},"author":6,"featured_media":0,"parent":0,"menu_order":0,"comment_status":"closed","ping_status":"closed","template":"","meta":{"_monsterinsights_skip_tracking":false,"_monsterinsights_sitenote_active":false,"_monsterinsights_sitenote_note":"","_monsterinsights_sitenote_category":0,"footnotes":""},"class_list":["post-2317","page","type-page","status-publish","hentry","entry"],"aioseo_notices":[],"_links":{"self":[{"href":"https:\/\/brineris.pwr.edu.pl\/index.php?rest_route=\/wp\/v2\/pages\/2317","targetHints":{"allow":["GET"]}}],"collection":[{"href":"https:\/\/brineris.pwr.edu.pl\/index.php?rest_route=\/wp\/v2\/pages"}],"about":[{"href":"https:\/\/brineris.pwr.edu.pl\/index.php?rest_route=\/wp\/v2\/types\/page"}],"author":[{"embeddable":true,"href":"https:\/\/brineris.pwr.edu.pl\/index.php?rest_route=\/wp\/v2\/users\/6"}],"replies":[{"embeddable":true,"href":"https:\/\/brineris.pwr.edu.pl\/index.php?rest_route=%2Fwp%2Fv2%2Fcomments&post=2317"}],"version-history":[{"count":15,"href":"https:\/\/brineris.pwr.edu.pl\/index.php?rest_route=\/wp\/v2\/pages\/2317\/revisions"}],"predecessor-version":[{"id":2371,"href":"https:\/\/brineris.pwr.edu.pl\/index.php?rest_route=\/wp\/v2\/pages\/2317\/revisions\/2371"}],"wp:attachment":[{"href":"https:\/\/brineris.pwr.edu.pl\/index.php?rest_route=%2Fwp%2Fv2%2Fmedia&parent=2317"}],"curies":[{"name":"wp","href":"https:\/\/api.w.org\/{rel}","templated":true}]}}